{"id":1189,"date":"2019-12-19T18:25:01","date_gmt":"2019-12-19T18:25:01","guid":{"rendered":"http:\/\/wijnwijnwijn.online\/?page_id=1189"},"modified":"2019-12-20T21:33:51","modified_gmt":"2019-12-20T21:33:51","slug":"fotos-italie","status":"publish","type":"page","link":"https:\/\/wijnwijnwijn.online\/?page_id=1189","title":{"rendered":"Foto&#8217;s Itali\u00eb"},"content":{"rendered":"<p>Zie:<\/p>\n<ul>\n<li><a href=\"http:\/\/wijnwijnwijn.online\/?page_id=1088\">Umbri\u00eb<\/a><\/li>\n<li><a href=\"http:\/\/wijnwijnwijn.online\/?page_id=1101\">Pi\u00ebmonte en Toscane<\/a><\/li>\n<li><a href=\"http:\/\/wijnwijnwijn.online\/?page_id=1121\">Pi\u00ebmonte<\/a><\/li>\n<li><a href=\"http:\/\/wijnwijnwijn.online\/?page_id=1150\">Chianti<\/a>.<\/li>\n<\/ul>\n","protected":false},"excerpt":{"rendered":"<p>Zie: Umbri\u00eb Pi\u00ebmonte en Toscane Pi\u00ebmonte Chianti.<\/p>\n","protected":false},"author":1,"featured_media":0,"parent":0,"menu_order":0,"comment_status":"closed","ping_status":"closed","template":"","meta":{"ngg_post_thumbnail":0},"_links":{"self":[{"href":"https:\/\/wijnwijnwijn.online\/index.php?rest_route=\/wp\/v2\/pages\/1189"}],"collection":[{"href":"https:\/\/wijnwijnwijn.online\/index.php?rest_route=\/wp\/v2\/pages"}],"about":[{"href":"https:\/\/wijnwijnwijn.online\/index.php?rest_route=\/wp\/v2\/types\/page"}],"author":[{"embeddable":true,"href":"https:\/\/wijnwijnwijn.online\/index.php?rest_route=\/wp\/v2\/users\/1"}],"replies":[{"embeddable":true,"href":"https:\/\/wijnwijnwijn.online\/index.php?rest_route=%2Fwp%2Fv2%2Fcomments&post=1189"}],"version-history":[{"count":3,"href":"https:\/\/wijnwijnwijn.online\/index.php?rest_route=\/wp\/v2\/pages\/1189\/revisions"}],"predecessor-version":[{"id":1213,"href":"https:\/\/wijnwijnwijn.online\/index.php?rest_route=\/wp\/v2\/pages\/1189\/revisions\/1213"}],"wp:attachment":[{"href":"https:\/\/wijnwijnwijn.online\/index.php?rest_route=%2Fwp%2Fv2%2Fmedia&parent=1189"}],"curies":[{"name":"wp","href":"https:\/\/api.w.org\/{rel}","templated":true}]}}